{"id":130,"date":"2022-06-28T15:36:44","date_gmt":"2022-06-28T15:36:44","guid":{"rendered":"https:\/\/www.verlagsvertretung-bredereck.de\/wordpress\/?page_id=130"},"modified":"2025-01-05T18:09:23","modified_gmt":"2025-01-05T18:09:23","slug":"ueberuns","status":"publish","type":"page","link":"https:\/\/www.verlagsvertretung-bredereck.de\/wordpress\/ueberuns\/","title":{"rendered":"\u00dcber uns &#8230;"},"content":{"rendered":"\t\t<div data-elementor-type=\"wp-page\" data-elementor-id=\"130\" class=\"elementor elementor-130\">\n\t\t\t\t\t\t<section class=\"elementor-section elementor-top-section elementor-element elementor-element-ab6e2c7 elementor-section-height-min-height elementor-section-boxed elementor-section-height-default elementor-section-items-middle\" data-id=\"ab6e2c7\" data-element_type=\"section\" data-settings=\"{&quot;background_background&quot;:&quot;classic&quot;}\">\n\t\t\t\t\t\t<div class=\"elementor-container elementor-column-gap-default\">\n\t\t\t\t\t<div class=\"elementor-column elementor-col-100 elementor-top-column elementor-element elementor-element-e4642b7\" data-id=\"e4642b7\" data-element_type=\"column\">\n\t\t\t<div class=\"elementor-widget-wrap elementor-element-populated\">\n\t\t\t\t\t\t<div class=\"elementor-element elementor-element-cce9f30 elementor-absolute elementor-widget elementor-widget-heading\" data-id=\"cce9f30\" data-element_type=\"widget\" data-settings=\"{&quot;_position&quot;:&quot;absolute&quot;}\" data-widget_type=\"heading.default\">\n\t\t\t\t<div class=\"elementor-widget-container\">\n\t\t\t\t\t<h2 class=\"elementor-heading-title elementor-size-xl\">Thomas Bredereck <br>Verlagsvertretungen<\/h2>\t\t\t\t<\/div>\n\t\t\t\t<\/div>\n\t\t\t\t<section class=\"elementor-section elementor-inner-section elementor-element elementor-element-fa8829a elementor-section-boxed elementor-section-height-default elementor-section-height-default\" data-id=\"fa8829a\" data-element_type=\"section\">\n\t\t\t\t\t\t<div class=\"elementor-container elementor-column-gap-default\">\n\t\t\t\t\t<div class=\"elementor-column elementor-col-50 elementor-inner-column elementor-element elementor-element-c6f799e\" data-id=\"c6f799e\" data-element_type=\"column\">\n\t\t\t<div class=\"elementor-widget-wrap elementor-element-populated\">\n\t\t\t\t\t\t<div class=\"elementor-element elementor-element-195f324 elementor-widget elementor-widget-spacer\" data-id=\"195f324\" data-element_type=\"widget\" data-widget_type=\"spacer.default\">\n\t\t\t\t<div class=\"elementor-widget-container\">\n\t\t\t\t\t\t\t<div class=\"elementor-spacer\">\n\t\t\t<div class=\"elementor-spacer-inner\"><\/div>\n\t\t<\/div>\n\t\t\t\t\t\t<\/div>\n\t\t\t\t<\/div>\n\t\t\t\t\t<\/div>\n\t\t<\/div>\n\t\t\t\t<div class=\"elementor-column elementor-col-50 elementor-inner-column elementor-element elementor-element-ca78b82\" data-id=\"ca78b82\" data-element_type=\"column\">\n\t\t\t<div class=\"elementor-widget-wrap elementor-element-populated\">\n\t\t\t\t\t\t<div class=\"elementor-element elementor-element-89e124b elementor-widget elementor-widget-image\" data-id=\"89e124b\" data-element_type=\"widget\" data-widget_type=\"image.default\">\n\t\t\t\t<div class=\"elementor-widget-container\">\n\t\t\t\t\t\t\t\t\t\t\t\t\t\t\t<img fetchpriority=\"high\" decoding=\"async\" width=\"768\" height=\"1024\" src=\"https:\/\/www.verlagsvertretung-bredereck.de\/wordpress\/wp-content\/uploads\/2022\/11\/IMG_5049-768x1024.jpg\" class=\"attachment-large size-large wp-image-518\" alt=\"\" srcset=\"https:\/\/www.verlagsvertretung-bredereck.de\/wordpress\/wp-content\/uploads\/2022\/11\/IMG_5049-768x1024.jpg 768w, https:\/\/www.verlagsvertretung-bredereck.de\/wordpress\/wp-content\/uploads\/2022\/11\/IMG_5049-225x300.jpg 225w, https:\/\/www.verlagsvertretung-bredereck.de\/wordpress\/wp-content\/uploads\/2022\/11\/IMG_5049-1152x1536.jpg 1152w, https:\/\/www.verlagsvertretung-bredereck.de\/wordpress\/wp-content\/uploads\/2022\/11\/IMG_5049-1536x2048.jpg 1536w, https:\/\/www.verlagsvertretung-bredereck.de\/wordpress\/wp-content\/uploads\/2022\/11\/IMG_5049-scaled.jpg 1920w\" sizes=\"(max-width: 768px) 100vw, 768px\" \/>\t\t\t\t\t\t\t\t\t\t\t\t\t\t\t<\/div>\n\t\t\t\t<\/div>\n\t\t\t\t\t<\/div>\n\t\t<\/div>\n\t\t\t\t\t<\/div>\n\t\t<\/section>\n\t\t\t\t<div class=\"elementor-element elementor-element-3209fee elementor-absolute elementor-widget__width-initial elementor-widget elementor-widget-heading\" data-id=\"3209fee\" data-element_type=\"widget\" data-settings=\"{&quot;_position&quot;:&quot;absolute&quot;}\" data-widget_type=\"heading.default\">\n\t\t\t\t<div class=\"elementor-widget-container\">\n\t\t\t\t\t<h2 class=\"elementor-heading-title elementor-size-medium\">Baden-W\u00fcrttemberg <br>\n<br> Hessen - Rheinland-Pfalz - Saarland -  Luxemburg<\/h2>\t\t\t\t<\/div>\n\t\t\t\t<\/div>\n\t\t\t\t\t<\/div>\n\t\t<\/div>\n\t\t\t\t\t<\/div>\n\t\t<\/section>\n\t\t\t\t<section class=\"elementor-section elementor-top-section elementor-element elementor-element-8aefca5 elementor-section-boxed elementor-section-height-default elementor-section-height-default\" data-id=\"8aefca5\" data-element_type=\"section\">\n\t\t\t\t\t\t<div class=\"elementor-container elementor-column-gap-default\">\n\t\t\t\t\t<div class=\"elementor-column elementor-col-100 elementor-top-column elementor-element elementor-element-deb8526\" data-id=\"deb8526\" data-element_type=\"column\">\n\t\t\t<div class=\"elementor-widget-wrap elementor-element-populated\">\n\t\t\t\t\t\t<div class=\"elementor-element elementor-element-937b558 elementor-widget elementor-widget-text-editor\" data-id=\"937b558\" data-element_type=\"widget\" data-widget_type=\"text-editor.default\">\n\t\t\t\t<div class=\"elementor-widget-container\">\n\t\t\t\t\t\t\t\t\t<p>Nach 11 Jahren als Buchh\u00e4ndler im allgemeinen Sortiment bin ich<br \/>seit 2005 als Verlagsvertreter unterwegs.<\/p><p>F\u00fcr alle Fragen rund um die von mir vertretenen Verlage bin ich gerne f\u00fcr Sie da.<\/p><p>Sie m\u00f6chten einen Besuchstermin vereinbaren? Einfach anrufen!<\/p><p>Ihr Thomas Bredereck<\/p><p><b style=\"font-size: 14pt;\">Kontakt:<\/b><\/p><p><span style=\"font-family: helvetica, arial, sans-serif;\"><strong>Thomas Bredereck Verlagsvertretungen<\/strong><\/span><br \/><span style=\"font-size: 14pt;\">Altlu\u00dfheimer Stra\u00dfe 36<\/span><br \/><span style=\"font-size: 14pt;\">68809\u00a0 Neulu\u00dfheim<\/span><\/p><p><span style=\"font-size: 14pt;\">Telefon: 06205 20 44 31<\/span><br \/><span style=\"font-size: 14pt;\">Fax:\u00a0 \u00a0 \u00a0 \u00a006205 20 44 32<\/span><br \/><span style=\"font-size: 14pt;\">E-Mail:\u00a0\u00a0\u00a0<a href=\"mailto:info@verlagsvertretung-bredereck.de\"><b>info@verlagsvertretung-bredereck.de<\/b><\/a><\/span><\/p>\t\t\t\t\t\t\t\t<\/div>\n\t\t\t\t<\/div>\n\t\t\t\t\t<\/div>\n\t\t<\/div>\n\t\t\t\t\t<\/div>\n\t\t<\/section>\n\t\t\t\t<\/div>\n\t\t","protected":false},"excerpt":{"rendered":"<p>Thomas Bredereck Verlagsvertretungen Baden-W\u00fcrttemberg Hessen &#8211; Rheinland-Pfalz &#8211; Saarland &#8211; Luxemburg Nach 11 Jahren als Buchh\u00e4ndler im allgemeinen Sortiment bin ichseit 2005 als Verlagsvertreter unterwegs. F\u00fcr alle Fragen rund um die von mir vertretenen Verlage bin ich gerne f\u00fcr Sie da. Sie m\u00f6chten einen Besuchstermin vereinbaren? Einfach anrufen! Ihr Thomas Bredereck Kontakt: Thomas Bredereck VerlagsvertretungenAltlu\u00dfheimer [&hellip;]<\/p>\n","protected":false},"author":1,"featured_media":0,"parent":0,"menu_order":0,"comment_status":"closed","ping_status":"closed","template":"","meta":{"ocean_post_layout":"full-screen","ocean_both_sidebars_style":"","ocean_both_sidebars_content_width":0,"ocean_both_sidebars_sidebars_width":0,"ocean_sidebar":"0","ocean_second_sidebar":"0","ocean_disable_margins":"enable","ocean_add_body_class":"","ocean_shortcode_before_top_bar":"","ocean_shortcode_after_top_bar":"","ocean_shortcode_before_header":"","ocean_shortcode_after_header":"","ocean_has_shortcode":"","ocean_shortcode_after_title":"","ocean_shortcode_before_footer_widgets":"","ocean_shortcode_after_footer_widgets":"","ocean_shortcode_before_footer_bottom":"","ocean_shortcode_after_footer_bottom":"","ocean_display_top_bar":"off","ocean_display_header":"default","ocean_header_style":"","ocean_center_header_left_menu":"0","ocean_custom_header_template":"0","ocean_custom_logo":0,"ocean_custom_retina_logo":0,"ocean_custom_logo_max_width":0,"ocean_custom_logo_tablet_max_width":0,"ocean_custom_logo_mobile_max_width":0,"ocean_custom_logo_max_height":0,"ocean_custom_logo_tablet_max_height":0,"ocean_custom_logo_mobile_max_height":0,"ocean_header_custom_menu":"0","ocean_menu_typo_font_family":"0","ocean_menu_typo_font_subset":"","ocean_menu_typo_font_size":0,"ocean_menu_typo_font_size_tablet":0,"ocean_menu_typo_font_size_mobile":0,"ocean_menu_typo_font_size_unit":"px","ocean_menu_typo_font_weight":"","ocean_menu_typo_font_weight_tablet":"","ocean_menu_typo_font_weight_mobile":"","ocean_menu_typo_transform":"","ocean_menu_typo_transform_tablet":"","ocean_menu_typo_transform_mobile":"","ocean_menu_typo_line_height":0,"ocean_menu_typo_line_height_tablet":0,"ocean_menu_typo_line_height_mobile":0,"ocean_menu_typo_line_height_unit":"","ocean_menu_typo_spacing":0,"ocean_menu_typo_spacing_tablet":0,"ocean_menu_typo_spacing_mobile":0,"ocean_menu_typo_spacing_unit":"","ocean_menu_link_color":"","ocean_menu_link_color_hover":"","ocean_menu_link_color_active":"","ocean_menu_link_background":"","ocean_menu_link_hover_background":"","ocean_menu_link_active_background":"","ocean_menu_social_links_bg":"","ocean_menu_social_hover_links_bg":"","ocean_menu_social_links_color":"","ocean_menu_social_hover_links_color":"","ocean_disable_title":"on","ocean_disable_heading":"default","ocean_post_title":"","ocean_post_subheading":"","ocean_post_title_style":"","ocean_post_title_background_color":"","ocean_post_title_background":0,"ocean_post_title_bg_image_position":"","ocean_post_title_bg_image_attachment":"","ocean_post_title_bg_image_repeat":"","ocean_post_title_bg_image_size":"","ocean_post_title_height":0,"ocean_post_title_bg_overlay":0.5,"ocean_post_title_bg_overlay_color":"","ocean_disable_breadcrumbs":"default","ocean_breadcrumbs_color":"","ocean_breadcrumbs_separator_color":"","ocean_breadcrumbs_links_color":"","ocean_breadcrumbs_links_hover_color":"","ocean_display_footer_widgets":"off","ocean_display_footer_bottom":"default","ocean_custom_footer_template":"0","footnotes":""},"class_list":["post-130","page","type-page","status-publish","hentry","entry"],"_links":{"self":[{"href":"https:\/\/www.verlagsvertretung-bredereck.de\/wordpress\/wp-json\/wp\/v2\/pages\/130","targetHints":{"allow":["GET"]}}],"collection":[{"href":"https:\/\/www.verlagsvertretung-bredereck.de\/wordpress\/wp-json\/wp\/v2\/pages"}],"about":[{"href":"https:\/\/www.verlagsvertretung-bredereck.de\/wordpress\/wp-json\/wp\/v2\/types\/page"}],"author":[{"embeddable":true,"href":"https:\/\/www.verlagsvertretung-bredereck.de\/wordpress\/wp-json\/wp\/v2\/users\/1"}],"replies":[{"embeddable":true,"href":"https:\/\/www.verlagsvertretung-bredereck.de\/wordpress\/wp-json\/wp\/v2\/comments?post=130"}],"version-history":[{"count":120,"href":"https:\/\/www.verlagsvertretung-bredereck.de\/wordpress\/wp-json\/wp\/v2\/pages\/130\/revisions"}],"predecessor-version":[{"id":2225,"href":"https:\/\/www.verlagsvertretung-bredereck.de\/wordpress\/wp-json\/wp\/v2\/pages\/130\/revisions\/2225"}],"wp:attachment":[{"href":"https:\/\/www.verlagsvertretung-bredereck.de\/wordpress\/wp-json\/wp\/v2\/media?parent=130"}],"curies":[{"name":"wp","href":"https:\/\/api.w.org\/{rel}","templated":true}]}}