{"id":122,"date":"2022-06-28T15:18:56","date_gmt":"2022-06-28T15:18:56","guid":{"rendered":"https:\/\/www.verlagsvertretung-bredereck.de\/wordpress\/?page_id=122"},"modified":"2025-07-22T15:37:53","modified_gmt":"2025-07-22T15:37:53","slug":"impressum","status":"publish","type":"page","link":"https:\/\/www.verlagsvertretung-bredereck.de\/wordpress\/impressum\/","title":{"rendered":"Impressum"},"content":{"rendered":"\t\t<div data-elementor-type=\"wp-page\" data-elementor-id=\"122\" class=\"elementor elementor-122\">\n\t\t\t\t\t\t<section class=\"elementor-section elementor-top-section elementor-element elementor-element-9020cf8 elementor-section-boxed elementor-section-height-default elementor-section-height-default\" data-id=\"9020cf8\" data-element_type=\"section\">\n\t\t\t\t\t\t<div class=\"elementor-container elementor-column-gap-default\">\n\t\t\t\t\t<div class=\"elementor-column elementor-col-100 elementor-top-column elementor-element elementor-element-7579422\" data-id=\"7579422\" data-element_type=\"column\">\n\t\t\t<div class=\"elementor-widget-wrap elementor-element-populated\">\n\t\t\t\t\t\t<div class=\"elementor-element elementor-element-97e0179 elementor-widget elementor-widget-heading\" data-id=\"97e0179\" data-element_type=\"widget\" data-widget_type=\"heading.default\">\n\t\t\t\t<div class=\"elementor-widget-container\">\n\t\t\t\t\t<h2 class=\"elementor-heading-title elementor-size-large\">Impressum<\/h2>\t\t\t\t<\/div>\n\t\t\t\t<\/div>\n\t\t\t\t\t<\/div>\n\t\t<\/div>\n\t\t\t\t\t<\/div>\n\t\t<\/section>\n\t\t\t\t<section class=\"elementor-section elementor-top-section elementor-element elementor-element-7ff379d elementor-section-boxed elementor-section-height-default elementor-section-height-default\" data-id=\"7ff379d\" data-element_type=\"section\">\n\t\t\t\t\t\t<div class=\"elementor-container elementor-column-gap-default\">\n\t\t\t\t\t<div class=\"elementor-column elementor-col-100 elementor-top-column elementor-element elementor-element-d289187\" data-id=\"d289187\" data-element_type=\"column\">\n\t\t\t<div class=\"elementor-widget-wrap elementor-element-populated\">\n\t\t\t\t\t\t<div class=\"elementor-element elementor-element-08f61b6 elementor-widget elementor-widget-text-editor\" data-id=\"08f61b6\" data-element_type=\"widget\" data-widget_type=\"text-editor.default\">\n\t\t\t\t<div class=\"elementor-widget-container\">\n\t\t\t\t\t\t\t\t\t<p><strong><span style=\"font-family: helvetica, arial, sans-serif; font-size: 14pt;\">Angaben gem\u00e4\u00df \u00a7 5 Telemediengesetz:<\/span><\/strong><\/p>\t\t\t\t\t\t\t\t<\/div>\n\t\t\t\t<\/div>\n\t\t\t\t\t<\/div>\n\t\t<\/div>\n\t\t\t\t\t<\/div>\n\t\t<\/section>\n\t\t\t\t<section class=\"elementor-section elementor-top-section elementor-element elementor-element-0392d66 elementor-section-boxed elementor-section-height-default elementor-section-height-default\" data-id=\"0392d66\" data-element_type=\"section\">\n\t\t\t\t\t\t<div class=\"elementor-container elementor-column-gap-default\">\n\t\t\t\t\t<div class=\"elementor-column elementor-col-100 elementor-top-column elementor-element elementor-element-05385f8\" data-id=\"05385f8\" data-element_type=\"column\">\n\t\t\t<div class=\"elementor-widget-wrap elementor-element-populated\">\n\t\t\t\t\t\t<div class=\"elementor-element elementor-element-3de72a4f elementor-widget elementor-widget-image\" data-id=\"3de72a4f\" data-element_type=\"widget\" data-widget_type=\"image.default\">\n\t\t\t\t<div class=\"elementor-widget-container\">\n\t\t\t\t\t\t\t\t\t\t\t\t\t\t\t<img fetchpriority=\"high\" decoding=\"async\" width=\"321\" height=\"172\" src=\"https:\/\/www.verlagsvertretung-bredereck.de\/wordpress\/wp-content\/uploads\/2022\/03\/Logo-online.jpg\" class=\"attachment-medium_large size-medium_large wp-image-23\" alt=\"Logo Verlagsvertretung Bredereck\" srcset=\"https:\/\/www.verlagsvertretung-bredereck.de\/wordpress\/wp-content\/uploads\/2022\/03\/Logo-online.jpg 321w, https:\/\/www.verlagsvertretung-bredereck.de\/wordpress\/wp-content\/uploads\/2022\/03\/Logo-online-300x161.jpg 300w\" sizes=\"(max-width: 321px) 100vw, 321px\" \/>\t\t\t\t\t\t\t\t\t\t\t\t\t\t\t<\/div>\n\t\t\t\t<\/div>\n\t\t\t\t<div class=\"elementor-element elementor-element-d0ecd3a elementor-widget elementor-widget-text-editor\" data-id=\"d0ecd3a\" data-element_type=\"widget\" data-widget_type=\"text-editor.default\">\n\t\t\t\t<div class=\"elementor-widget-container\">\n\t\t\t\t\t\t\t\t\t<p><span style=\"font-family: helvetica, arial, sans-serif; font-size: 14pt;\">Thomas Bredereck Verlagsvertretungen<\/span><\/p><p><span style=\"font-size: 14pt; font-family: helvetica, arial, sans-serif;\">Altlu\u00dfheimer Str. 36<\/span><br \/><span style=\"font-size: 14pt; font-family: helvetica, arial, sans-serif;\">68809 Neulu\u00dfheim<\/span><br \/><span style=\"font-size: 14pt; font-family: helvetica, arial, sans-serif;\">Tel.: 06205 204431<\/span><br \/><span style=\"font-size: 14pt; font-family: helvetica, arial, sans-serif;\">Fax: 06205 20 44 32<\/span><br \/><span style=\"font-size: 14pt; font-family: helvetica, arial, sans-serif;\">E-Mail: info@verlagsvertretung-bredereck.de<\/span><\/p><p><span style=\"font-size: 14pt; font-family: helvetica, arial, sans-serif;\">USt-ID: DE288955448<\/span><br \/><span style=\"font-size: 14pt; font-family: helvetica, arial, sans-serif;\">Steuer-Nummer: 43108\/05321<\/span><br \/><span style=\"font-size: 14pt; font-family: helvetica, arial, sans-serif;\">Inhaltlich verantwortlich gem\u00e4\u00df \u00a7 5 Absatz 1 TMG: Thomas Bredereck<\/span><\/p><p><span style=\"font-size: 14pt; font-family: helvetica, arial, sans-serif;\"><b><span style=\"font-weight: bold;\">Markenhinweis<\/span><\/b>:<\/span><br \/><span style=\"font-size: 14pt; font-family: helvetica, arial, sans-serif;\">Alle Marken sind eingetragene Marken ihrer jeweiligen Eigent\u00fcmer und ggf. nicht gesondert gekennzeichnet. Aus dem Fehlen der Kennzeichnung kann nicht geschlossen werden, dass es sich bei einem Begriff oder einem Bild nicht um eine eingetragene Marke handelt.<\/span><\/p><p><span style=\"font-size: 14pt; font-family: helvetica, arial, sans-serif;\"><b><span style=\"font-weight: bold;\">Haftungshinweis:<\/span><\/b><\/span><br \/><span style=\"font-size: 14pt; font-family: helvetica, arial, sans-serif;\">Unser Angebot enth\u00e4lt Links zu externen Webseiten Dritter, auf deren Inhalte wir keinen Einfluss haben. Deshalb k\u00f6nnen wir f\u00fcr diese fremden Inhalte auch keine Gew\u00e4hr \u00fcbernehmen. F\u00fcr die Inhalte der verlinkten Seiten ist stets der jeweilige Anbieter oder Betreiber der Seiten verantwortlich. Die verlinkten Seiten wurden zum Zeitpunkt der Verlinkung auf m\u00f6gliche Rechtsverst\u00f6\u00dfe \u00fcberpr\u00fcft. Rechtswidrige Inhalte waren zum Zeitpunkt der Verlinkung nicht erkennbar. Eine permanente inhaltliche Kontrolle der verlinkten Seiten ist jedoch ohne konkrete Anhaltspunkte einer Rechtsverletzung nicht zumutbar. Bei Bekanntwerden von Rechtsverletzungen werden wir derartige Links umgehend entfernen.<\/span><\/p><p><span style=\"font-family: helvetica, arial, sans-serif; font-size: 14pt;\"><a href=\"https:\/\/www.verlagsvertretung-bredereck.de\/wordpress\/wp-content\/uploads\/2025\/06\/Datenschutzerklaerung2.pdf\">Datenschutzerkl\u00e4rung<\/a><\/span><\/p>\t\t\t\t\t\t\t\t<\/div>\n\t\t\t\t<\/div>\n\t\t\t\t\t<\/div>\n\t\t<\/div>\n\t\t\t\t\t<\/div>\n\t\t<\/section>\n\t\t\t\t<\/div>\n\t\t","protected":false},"excerpt":{"rendered":"<p>Impressum Angaben gem\u00e4\u00df \u00a7 5 Telemediengesetz: Thomas Bredereck Verlagsvertretungen Altlu\u00dfheimer Str. 3668809 Neulu\u00dfheimTel.: 06205 204431Fax: 06205 20 44 32E-Mail: info@verlagsvertretung-bredereck.de USt-ID: DE288955448Steuer-Nummer: 43108\/05321Inhaltlich verantwortlich gem\u00e4\u00df \u00a7 5 Absatz 1 TMG: Thomas Bredereck Markenhinweis:Alle Marken sind eingetragene Marken ihrer jeweiligen Eigent\u00fcmer und ggf. nicht gesondert gekennzeichnet. Aus dem Fehlen der Kennzeichnung kann nicht geschlossen werden, dass [&hellip;]<\/p>\n","protected":false},"author":1,"featured_media":0,"parent":0,"menu_order":0,"comment_status":"closed","ping_status":"closed","template":"","meta":{"ocean_post_layout":"full-screen","ocean_both_sidebars_style":"","ocean_both_sidebars_content_width":0,"ocean_both_sidebars_sidebars_width":0,"ocean_sidebar":"0","ocean_second_sidebar":"0","ocean_disable_margins":"enable","ocean_add_body_class":"","ocean_shortcode_before_top_bar":"","ocean_shortcode_after_top_bar":"","ocean_shortcode_before_header":"","ocean_shortcode_after_header":"","ocean_has_shortcode":"","ocean_shortcode_after_title":"","ocean_shortcode_before_footer_widgets":"","ocean_shortcode_after_footer_widgets":"","ocean_shortcode_before_footer_bottom":"","ocean_shortcode_after_footer_bottom":"","ocean_display_top_bar":"off","ocean_display_header":"default","ocean_header_style":"","ocean_center_header_left_menu":"0","ocean_custom_header_template":"0","ocean_custom_logo":0,"ocean_custom_retina_logo":0,"ocean_custom_logo_max_width":0,"ocean_custom_logo_tablet_max_width":0,"ocean_custom_logo_mobile_max_width":0,"ocean_custom_logo_max_height":0,"ocean_custom_logo_tablet_max_height":0,"ocean_custom_logo_mobile_max_height":0,"ocean_header_custom_menu":"0","ocean_menu_typo_font_family":"0","ocean_menu_typo_font_subset":"","ocean_menu_typo_font_size":0,"ocean_menu_typo_font_size_tablet":0,"ocean_menu_typo_font_size_mobile":0,"ocean_menu_typo_font_size_unit":"px","ocean_menu_typo_font_weight":"","ocean_menu_typo_font_weight_tablet":"","ocean_menu_typo_font_weight_mobile":"","ocean_menu_typo_transform":"","ocean_menu_typo_transform_tablet":"","ocean_menu_typo_transform_mobile":"","ocean_menu_typo_line_height":0,"ocean_menu_typo_line_height_tablet":0,"ocean_menu_typo_line_height_mobile":0,"ocean_menu_typo_line_height_unit":"","ocean_menu_typo_spacing":0,"ocean_menu_typo_spacing_tablet":0,"ocean_menu_typo_spacing_mobile":0,"ocean_menu_typo_spacing_unit":"","ocean_menu_link_color":"","ocean_menu_link_color_hover":"","ocean_menu_link_color_active":"","ocean_menu_link_background":"","ocean_menu_link_hover_background":"","ocean_menu_link_active_background":"","ocean_menu_social_links_bg":"","ocean_menu_social_hover_links_bg":"","ocean_menu_social_links_color":"","ocean_menu_social_hover_links_color":"","ocean_disable_title":"on","ocean_disable_heading":"default","ocean_post_title":"","ocean_post_subheading":"","ocean_post_title_style":"","ocean_post_title_background_color":"","ocean_post_title_background":0,"ocean_post_title_bg_image_position":"","ocean_post_title_bg_image_attachment":"","ocean_post_title_bg_image_repeat":"","ocean_post_title_bg_image_size":"","ocean_post_title_height":0,"ocean_post_title_bg_overlay":0.5,"ocean_post_title_bg_overlay_color":"","ocean_disable_breadcrumbs":"default","ocean_breadcrumbs_color":"","ocean_breadcrumbs_separator_color":"","ocean_breadcrumbs_links_color":"","ocean_breadcrumbs_links_hover_color":"","ocean_display_footer_widgets":"off","ocean_display_footer_bottom":"default","ocean_custom_footer_template":"0","footnotes":""},"class_list":["post-122","page","type-page","status-publish","hentry","entry"],"_links":{"self":[{"href":"https:\/\/www.verlagsvertretung-bredereck.de\/wordpress\/wp-json\/wp\/v2\/pages\/122","targetHints":{"allow":["GET"]}}],"collection":[{"href":"https:\/\/www.verlagsvertretung-bredereck.de\/wordpress\/wp-json\/wp\/v2\/pages"}],"about":[{"href":"https:\/\/www.verlagsvertretung-bredereck.de\/wordpress\/wp-json\/wp\/v2\/types\/page"}],"author":[{"embeddable":true,"href":"https:\/\/www.verlagsvertretung-bredereck.de\/wordpress\/wp-json\/wp\/v2\/users\/1"}],"replies":[{"embeddable":true,"href":"https:\/\/www.verlagsvertretung-bredereck.de\/wordpress\/wp-json\/wp\/v2\/comments?post=122"}],"version-history":[{"count":76,"href":"https:\/\/www.verlagsvertretung-bredereck.de\/wordpress\/wp-json\/wp\/v2\/pages\/122\/revisions"}],"predecessor-version":[{"id":2591,"href":"https:\/\/www.verlagsvertretung-bredereck.de\/wordpress\/wp-json\/wp\/v2\/pages\/122\/revisions\/2591"}],"wp:attachment":[{"href":"https:\/\/www.verlagsvertretung-bredereck.de\/wordpress\/wp-json\/wp\/v2\/media?parent=122"}],"curies":[{"name":"wp","href":"https:\/\/api.w.org\/{rel}","templated":true}]}}